{"id":24,"date":"2017-08-28T18:01:56","date_gmt":"2017-08-28T18:01:56","guid":{"rendered":"http:\/\/lichtensteinbau.de\/?page_id=24"},"modified":"2017-08-28T18:31:07","modified_gmt":"2017-08-28T18:31:07","slug":"home","status":"publish","type":"page","link":"https:\/\/lichtensteinbau.de\/","title":{"rendered":"Startseite"},"content":{"rendered":"<h1>Herzlich Willkommen<\/h1>\n<p>Sie suchen nach der optimalen L\u00f6sung f\u00fcr Ihr Bauvorhaben?<\/p>\n<p>Dann sind Sie bei uns genau richtig. Unsere Firma steht f\u00fcr \u00fcber 40 Jahre Fachkompetenz auf den Gebieten:<\/p>\n<ul>\n<li>Estrich<\/li>\n<li>Trockenbau<\/li>\n<li>Putzarbeiten<\/li>\n<li>Hochbau<\/li>\n<li>Tiefbau<\/li>\n<\/ul>\n<p>\u00dcberzeugen Sie sich auf den n\u00e4chsten Seiten von unseren umfangreichen Angeboten.<\/p>\n<p>Gern beraten wir Sie auch pers\u00f6nlich. Nutzen Sie hierf\u00fcr unser Kontaktformular oder rufen Sie uns an.<\/p>\n","protected":false},"excerpt":{"rendered":"<p>Herzlich Willkommen Sie suchen nach der optimalen L\u00f6sung f\u00fcr Ihr Bauvorhaben? Dann sind Sie bei uns genau richtig. Unsere Firma steht f\u00fcr \u00fcber 40 Jahre Fachkompetenz auf den Gebieten: Estrich Trockenbau Putzarbeiten Hochbau Tiefbau \u00dcberzeugen Sie sich auf den n\u00e4chsten<\/p>\n","protected":false},"author":1,"featured_media":0,"parent":0,"menu_order":0,"comment_status":"closed","ping_status":"closed","template":"","meta":{"footnotes":""},"_links":{"self":[{"href":"https:\/\/lichtensteinbau.de\/index.php?rest_route=\/wp\/v2\/pages\/24"}],"collection":[{"href":"https:\/\/lichtensteinbau.de\/index.php?rest_route=\/wp\/v2\/pages"}],"about":[{"href":"https:\/\/lichtensteinbau.de\/index.php?rest_route=\/wp\/v2\/types\/page"}],"author":[{"embeddable":true,"href":"https:\/\/lichtensteinbau.de\/index.php?rest_route=\/wp\/v2\/users\/1"}],"replies":[{"embeddable":true,"href":"https:\/\/lichtensteinbau.de\/index.php?rest_route=%2Fwp%2Fv2%2Fcomments&post=24"}],"version-history":[{"count":2,"href":"https:\/\/lichtensteinbau.de\/index.php?rest_route=\/wp\/v2\/pages\/24\/revisions"}],"predecessor-version":[{"id":78,"href":"https:\/\/lichtensteinbau.de\/index.php?rest_route=\/wp\/v2\/pages\/24\/revisions\/78"}],"wp:attachment":[{"href":"https:\/\/lichtensteinbau.de\/index.php?rest_route=%2Fwp%2Fv2%2Fmedia&parent=24"}],"curies":[{"name":"wp","href":"https:\/\/api.w.org\/{rel}","templated":true}]}}