{"id":28,"date":"2017-08-28T18:04:31","date_gmt":"2017-08-28T18:04:31","guid":{"rendered":"http:\/\/lichtensteinbau.de\/?page_id=28"},"modified":"2017-08-30T16:13:14","modified_gmt":"2017-08-30T16:13:14","slug":"estrich","status":"publish","type":"page","link":"https:\/\/lichtensteinbau.de\/?page_id=28","title":{"rendered":"Estricharbeiten"},"content":{"rendered":"<p>Wir bieten eine breite Palette an Estrichtechniken an. In einer pers\u00f6nlichen Beratung finden wir f\u00fcr jeden Einsatz die optimale L\u00f6sung<\/p>\n<p>Unter anderem bieten wir folgende Techniken:<\/p>\n<p><b>Zementestrich (CT)<\/b><\/p>\n<p>Zementestrich ist der bekannteste und die klassische Wahl f\u00fcr den Wohnungsbau. Er kann durch das zumischen von Zus\u00e4tzen auch als Schnellestrich verwendet werden, um die Dauer bis zur Belegreife zu verk\u00fcrzen.<\/p>\n<p>&nbsp;<\/p>\n<p><b>Kunstharzestrich (SR)<\/b><\/p>\n<p>Kunstharzestrich zeichnet sich durch kurze Trocknungszeiten und hohe dynamische Belastbarkeit aus.<\/p>\n<p><img loading=\"lazy\" decoding=\"async\" class=\"alignnone size-full wp-image-86\" src=\"http:\/\/lichtensteinbau.de\/wp-content\/uploads\/2017\/08\/IMG_2762.jpg\" alt=\"\" width=\"920\" height=\"330\" \/><\/p>\n","protected":false},"excerpt":{"rendered":"<p>Wir bieten eine breite Palette an Estrichtechniken an. In einer pers\u00f6nlichen Beratung finden wir f\u00fcr jeden Einsatz die optimale L\u00f6sung Unter anderem bieten wir folgende Techniken: Zementestrich (CT) Zementestrich ist der bekannteste und die klassische Wahl f\u00fcr den Wohnungsbau. Er<\/p>\n","protected":false},"author":1,"featured_media":0,"parent":0,"menu_order":0,"comment_status":"closed","ping_status":"closed","template":"","meta":{"footnotes":""},"_links":{"self":[{"href":"https:\/\/lichtensteinbau.de\/index.php?rest_route=\/wp\/v2\/pages\/28"}],"collection":[{"href":"https:\/\/lichtensteinbau.de\/index.php?rest_route=\/wp\/v2\/pages"}],"about":[{"href":"https:\/\/lichtensteinbau.de\/index.php?rest_route=\/wp\/v2\/types\/page"}],"author":[{"embeddable":true,"href":"https:\/\/lichtensteinbau.de\/index.php?rest_route=\/wp\/v2\/users\/1"}],"replies":[{"embeddable":true,"href":"https:\/\/lichtensteinbau.de\/index.php?rest_route=%2Fwp%2Fv2%2Fcomments&post=28"}],"version-history":[{"count":6,"href":"https:\/\/lichtensteinbau.de\/index.php?rest_route=\/wp\/v2\/pages\/28\/revisions"}],"predecessor-version":[{"id":105,"href":"https:\/\/lichtensteinbau.de\/index.php?rest_route=\/wp\/v2\/pages\/28\/revisions\/105"}],"wp:attachment":[{"href":"https:\/\/lichtensteinbau.de\/index.php?rest_route=%2Fwp%2Fv2%2Fmedia&parent=28"}],"curies":[{"name":"wp","href":"https:\/\/api.w.org\/{rel}","templated":true}]}}