{"id":34,"date":"2017-08-28T18:07:26","date_gmt":"2017-08-28T18:07:26","guid":{"rendered":"http:\/\/lichtensteinbau.de\/?page_id=34"},"modified":"2017-08-30T16:13:58","modified_gmt":"2017-08-30T16:13:58","slug":"trockenbau","status":"publish","type":"page","link":"https:\/\/lichtensteinbau.de\/?page_id=34","title":{"rendered":"Trockenbau"},"content":{"rendered":"<p>Auch im Bereich Trockenbau bieten wir Ihnen f\u00fcr jeden Einsatzzweck die optimale L\u00f6sung.<\/p>\n<ul>\n<li>Trockenbauw\u00e4nde (Schall-, Brand-, W\u00e4rmeelemente)<\/li>\n<li>Wand- und Deckenverkleidungen<\/li>\n<li>Unterhangdecken<\/li>\n<\/ul>\n","protected":false},"excerpt":{"rendered":"<p>Auch im Bereich Trockenbau bieten wir Ihnen f\u00fcr jeden Einsatzzweck die optimale L\u00f6sung. Trockenbauw\u00e4nde (Schall-, Brand-, W\u00e4rmeelemente) Wand- und Deckenverkleidungen Unterhangdecken<\/p>\n","protected":false},"author":1,"featured_media":0,"parent":0,"menu_order":0,"comment_status":"closed","ping_status":"closed","template":"","meta":{"footnotes":""},"_links":{"self":[{"href":"https:\/\/lichtensteinbau.de\/index.php?rest_route=\/wp\/v2\/pages\/34"}],"collection":[{"href":"https:\/\/lichtensteinbau.de\/index.php?rest_route=\/wp\/v2\/pages"}],"about":[{"href":"https:\/\/lichtensteinbau.de\/index.php?rest_route=\/wp\/v2\/types\/page"}],"author":[{"embeddable":true,"href":"https:\/\/lichtensteinbau.de\/index.php?rest_route=\/wp\/v2\/users\/1"}],"replies":[{"embeddable":true,"href":"https:\/\/lichtensteinbau.de\/index.php?rest_route=%2Fwp%2Fv2%2Fcomments&post=34"}],"version-history":[{"count":3,"href":"https:\/\/lichtensteinbau.de\/index.php?rest_route=\/wp\/v2\/pages\/34\/revisions"}],"predecessor-version":[{"id":109,"href":"https:\/\/lichtensteinbau.de\/index.php?rest_route=\/wp\/v2\/pages\/34\/revisions\/109"}],"wp:attachment":[{"href":"https:\/\/lichtensteinbau.de\/index.php?rest_route=%2Fwp%2Fv2%2Fmedia&parent=34"}],"curies":[{"name":"wp","href":"https:\/\/api.w.org\/{rel}","templated":true}]}}