{"id":35,"date":"2017-08-28T18:07:26","date_gmt":"2017-08-28T18:07:26","guid":{"rendered":"http:\/\/lichtensteinbau.de\/?page_id=35"},"modified":"2017-08-30T16:13:37","modified_gmt":"2017-08-30T16:13:37","slug":"putzarbeiten","status":"publish","type":"page","link":"https:\/\/lichtensteinbau.de\/?page_id=35","title":{"rendered":"Putzarbeiten"},"content":{"rendered":"<p>F\u00fcr eine lange Haltbarkeit besonders im Bereich Fassaden- und Au\u00dfenputz, ist es wichtig das jegliche Putzarbeiten professionell und korrekt durchgef\u00fchrt werden. Hier bieten wir mit unserer langj\u00e4hrigen Erfahrung und unseren professionellen Mitarbeitern den perfekten Partner f\u00fcr Ihr Bauvorhaben.<\/p>\n<p>Unter anderem bieten wir in diesem Bereich folgende Leistungen an:<\/p>\n<ul>\n<li>Dekor- und Strukturputze<\/li>\n<li>Kalkputz<\/li>\n<li>Mineralische Putze ( als Grau- und Wei\u00dfputz )<\/li>\n<\/ul>\n","protected":false},"excerpt":{"rendered":"<p>F\u00fcr eine lange Haltbarkeit besonders im Bereich Fassaden- und Au\u00dfenputz, ist es wichtig das jegliche Putzarbeiten professionell und korrekt durchgef\u00fchrt werden. Hier bieten wir mit unserer langj\u00e4hrigen Erfahrung und unseren professionellen Mitarbeitern den perfekten Partner f\u00fcr Ihr Bauvorhaben. Unter anderem<\/p>\n","protected":false},"author":1,"featured_media":0,"parent":0,"menu_order":0,"comment_status":"closed","ping_status":"closed","template":"","meta":{"footnotes":""},"_links":{"self":[{"href":"https:\/\/lichtensteinbau.de\/index.php?rest_route=\/wp\/v2\/pages\/35"}],"collection":[{"href":"https:\/\/lichtensteinbau.de\/index.php?rest_route=\/wp\/v2\/pages"}],"about":[{"href":"https:\/\/lichtensteinbau.de\/index.php?rest_route=\/wp\/v2\/types\/page"}],"author":[{"embeddable":true,"href":"https:\/\/lichtensteinbau.de\/index.php?rest_route=\/wp\/v2\/users\/1"}],"replies":[{"embeddable":true,"href":"https:\/\/lichtensteinbau.de\/index.php?rest_route=%2Fwp%2Fv2%2Fcomments&post=35"}],"version-history":[{"count":3,"href":"https:\/\/lichtensteinbau.de\/index.php?rest_route=\/wp\/v2\/pages\/35\/revisions"}],"predecessor-version":[{"id":107,"href":"https:\/\/lichtensteinbau.de\/index.php?rest_route=\/wp\/v2\/pages\/35\/revisions\/107"}],"wp:attachment":[{"href":"https:\/\/lichtensteinbau.de\/index.php?rest_route=%2Fwp%2Fv2%2Fmedia&parent=35"}],"curies":[{"name":"wp","href":"https:\/\/api.w.org\/{rel}","templated":true}]}}