{"id":36,"date":"2017-08-28T18:07:26","date_gmt":"2017-08-28T18:07:26","guid":{"rendered":"http:\/\/lichtensteinbau.de\/?page_id=36"},"modified":"2017-08-30T16:13:23","modified_gmt":"2017-08-30T16:13:23","slug":"hochbau","status":"publish","type":"page","link":"https:\/\/lichtensteinbau.de\/?page_id=36","title":{"rendered":"Hochbau"},"content":{"rendered":"<p>Errichten von Gr\u00fcndung und Mauerwerk verschiedenster Beanspruchung, im Industrie-, Gerwerbe- und wohnungsbau.<\/p>\n<p>Herstellung und Einbau von statischen Bauteilen:<\/p>\n<ul>\n<li>Deckentr\u00e4ger<\/li>\n<li>St\u00fcrze<\/li>\n<li>Dachst\u00fchle<\/li>\n<li>Balken<\/li>\n<\/ul>\n","protected":false},"excerpt":{"rendered":"<p>Errichten von Gr\u00fcndung und Mauerwerk verschiedenster Beanspruchung, im Industrie-, Gerwerbe- und wohnungsbau. Herstellung und Einbau von statischen Bauteilen: Deckentr\u00e4ger St\u00fcrze Dachst\u00fchle Balken<\/p>\n","protected":false},"author":1,"featured_media":0,"parent":0,"menu_order":0,"comment_status":"closed","ping_status":"closed","template":"","meta":{"footnotes":""},"_links":{"self":[{"href":"https:\/\/lichtensteinbau.de\/index.php?rest_route=\/wp\/v2\/pages\/36"}],"collection":[{"href":"https:\/\/lichtensteinbau.de\/index.php?rest_route=\/wp\/v2\/pages"}],"about":[{"href":"https:\/\/lichtensteinbau.de\/index.php?rest_route=\/wp\/v2\/types\/page"}],"author":[{"embeddable":true,"href":"https:\/\/lichtensteinbau.de\/index.php?rest_route=\/wp\/v2\/users\/1"}],"replies":[{"embeddable":true,"href":"https:\/\/lichtensteinbau.de\/index.php?rest_route=%2Fwp%2Fv2%2Fcomments&post=36"}],"version-history":[{"count":3,"href":"https:\/\/lichtensteinbau.de\/index.php?rest_route=\/wp\/v2\/pages\/36\/revisions"}],"predecessor-version":[{"id":106,"href":"https:\/\/lichtensteinbau.de\/index.php?rest_route=\/wp\/v2\/pages\/36\/revisions\/106"}],"wp:attachment":[{"href":"https:\/\/lichtensteinbau.de\/index.php?rest_route=%2Fwp%2Fv2%2Fmedia&parent=36"}],"curies":[{"name":"wp","href":"https:\/\/api.w.org\/{rel}","templated":true}]}}