{"id":50,"date":"2017-08-28T18:09:23","date_gmt":"2017-08-28T18:09:23","guid":{"rendered":"http:\/\/lichtensteinbau.de\/?page_id=50"},"modified":"2017-08-30T16:14:26","modified_gmt":"2017-08-30T16:14:26","slug":"ueber-uns","status":"publish","type":"page","link":"https:\/\/lichtensteinbau.de\/?page_id=50","title":{"rendered":"\u00dcber Uns"},"content":{"rendered":"<p>Unsere Firma ist seit \u00fcber 40 Jahren erfolgreich im Baugewerbe t\u00e4tig. Dar\u00fcber hinaus pflegen wir eine enge Zusammenarbeit mit Architekten und Bauplanern. Mit einer Betriebsgr\u00f6\u00dfe von durchschnittlich 12 Angestellten sind wir ein langj\u00e4hriger Ansprechpartner sowohl f\u00fcr \u00f6ffentliche als auch f\u00fcr private Auftraggeber.<\/p>\n","protected":false},"excerpt":{"rendered":"<p>Unsere Firma ist seit \u00fcber 40 Jahren erfolgreich im Baugewerbe t\u00e4tig. Dar\u00fcber hinaus pflegen wir eine enge Zusammenarbeit mit Architekten und Bauplanern. Mit einer Betriebsgr\u00f6\u00dfe von durchschnittlich 12 Angestellten sind wir ein langj\u00e4hriger Ansprechpartner sowohl f\u00fcr \u00f6ffentliche als auch f\u00fcr<\/p>\n","protected":false},"author":1,"featured_media":0,"parent":0,"menu_order":0,"comment_status":"closed","ping_status":"closed","template":"","meta":{"footnotes":""},"_links":{"self":[{"href":"https:\/\/lichtensteinbau.de\/index.php?rest_route=\/wp\/v2\/pages\/50"}],"collection":[{"href":"https:\/\/lichtensteinbau.de\/index.php?rest_route=\/wp\/v2\/pages"}],"about":[{"href":"https:\/\/lichtensteinbau.de\/index.php?rest_route=\/wp\/v2\/types\/page"}],"author":[{"embeddable":true,"href":"https:\/\/lichtensteinbau.de\/index.php?rest_route=\/wp\/v2\/users\/1"}],"replies":[{"embeddable":true,"href":"https:\/\/lichtensteinbau.de\/index.php?rest_route=%2Fwp%2Fv2%2Fcomments&post=50"}],"version-history":[{"count":3,"href":"https:\/\/lichtensteinbau.de\/index.php?rest_route=\/wp\/v2\/pages\/50\/revisions"}],"predecessor-version":[{"id":110,"href":"https:\/\/lichtensteinbau.de\/index.php?rest_route=\/wp\/v2\/pages\/50\/revisions\/110"}],"wp:attachment":[{"href":"https:\/\/lichtensteinbau.de\/index.php?rest_route=%2Fwp%2Fv2%2Fmedia&parent=50"}],"curies":[{"name":"wp","href":"https:\/\/api.w.org\/{rel}","templated":true}]}}